{"id":13,"date":"2016-10-03T21:24:00","date_gmt":"2016-10-03T21:24:00","guid":{"rendered":"http:\/\/dr-bahr.de\/?page_id=13"},"modified":"2016-10-08T21:28:13","modified_gmt":"2016-10-08T19:28:13","slug":"kurz-und-knapp","status":"publish","type":"page","link":"http:\/\/www.dr-bahr.de\/?page_id=13","title":{"rendered":"Kurz und knapp"},"content":{"rendered":"<p>Nach dem Abitur am H\u00f6lty Gymnasium in Celle und anschlie\u00dfendem Wehrdienst in Munster studierte ich Mathematik mit den Nebenf\u00e4chern Informatik und Betriebswirtschaftslehre an der Universit\u00e4t Hannover. Anschlie\u00dfend promovierte ich dort als wissenschaftlicher Mitarbeiter am Institut f\u00fcr Mathematische Stochastik bei Prof. Dr. L. Baringhaus. Berufsbegleitend habe ich auch ein Diplomstudium in Wirtschaftswissenschaften erfolgreich absolviert.<img loading=\"lazy\" decoding=\"async\" class=\"aligncenter size-medium wp-image-50\" src=\"http:\/\/www.dr-bahr.de\/wp-content\/uploads\/2016\/10\/Bahr_003-300x213.jpg\" alt=\"bahr_003\" width=\"300\" height=\"213\" srcset=\"http:\/\/www.dr-bahr.de\/wp-content\/uploads\/2016\/10\/Bahr_003-300x213.jpg 300w, http:\/\/www.dr-bahr.de\/wp-content\/uploads\/2016\/10\/Bahr_003-768x545.jpg 768w, http:\/\/www.dr-bahr.de\/wp-content\/uploads\/2016\/10\/Bahr_003-1024x727.jpg 1024w, http:\/\/www.dr-bahr.de\/wp-content\/uploads\/2016\/10\/Bahr_003-423x300.jpg 423w, http:\/\/www.dr-bahr.de\/wp-content\/uploads\/2016\/10\/Bahr_003.jpg 1219w\" sizes=\"auto, (max-width: 300px) 100vw, 300px\" \/><\/p>\n<p>Im Jahre 1996 begann ich meine berufliche Laufbahn als Unternehmensberater. Zun\u00e4chst war ich als Projektleiter mit Informationstechnologie im Bereich Financial Services befa\u00dft. Im Jahre 2004 wechselte ich in die Energiewirtschaft. Hier arbeitete ich zun\u00e4chst als IT Integrationsmanager. Sp\u00e4ter wurde ich Senior-Projektleiter f\u00fcr IT Projekte im Umfeld von Unternehmensverk\u00e4ufen.<\/p>\n<p>Ich bin Oberstleutnant der Reserve in der Panzertruppe. Als Einsatzreservist nehme ich regelm\u00e4\u00dfig an F\u00fchrungslehrg\u00e4ngen und Wehr\u00fcbungen im In- und Ausland teil.<\/p>\n<p>Ich bin verheiratet und habe vier Kinder.<\/p>\n","protected":false},"excerpt":{"rendered":"<p>Nach dem Abitur am H\u00f6lty Gymnasium in Celle und anschlie\u00dfendem Wehrdienst in Munster studierte ich Mathematik mit den Nebenf\u00e4chern Informatik und Betriebswirtschaftslehre an der Universit\u00e4t Hannover. Anschlie\u00dfend promovierte ich dort als wissenschaftlicher Mitarbeiter am Institut f\u00fcr Mathematische Stochastik bei Prof. &hellip; <a href=\"http:\/\/www.dr-bahr.de\/?page_id=13\">Weiterlesen <span class=\"meta-nav\">&rarr;<\/span><\/a><\/p>\n","protected":false},"author":1,"featured_media":0,"parent":0,"menu_order":0,"comment_status":"closed","ping_status":"closed","template":"","meta":{"footnotes":""},"class_list":["post-13","page","type-page","status-publish","hentry"],"_links":{"self":[{"href":"http:\/\/www.dr-bahr.de\/index.php?rest_route=\/wp\/v2\/pages\/13","targetHints":{"allow":["GET"]}}],"collection":[{"href":"http:\/\/www.dr-bahr.de\/index.php?rest_route=\/wp\/v2\/pages"}],"about":[{"href":"http:\/\/www.dr-bahr.de\/index.php?rest_route=\/wp\/v2\/types\/page"}],"author":[{"embeddable":true,"href":"http:\/\/www.dr-bahr.de\/index.php?rest_route=\/wp\/v2\/users\/1"}],"replies":[{"embeddable":true,"href":"http:\/\/www.dr-bahr.de\/index.php?rest_route=%2Fwp%2Fv2%2Fcomments&post=13"}],"version-history":[{"count":2,"href":"http:\/\/www.dr-bahr.de\/index.php?rest_route=\/wp\/v2\/pages\/13\/revisions"}],"predecessor-version":[{"id":51,"href":"http:\/\/www.dr-bahr.de\/index.php?rest_route=\/wp\/v2\/pages\/13\/revisions\/51"}],"wp:attachment":[{"href":"http:\/\/www.dr-bahr.de\/index.php?rest_route=%2Fwp%2Fv2%2Fmedia&parent=13"}],"curies":[{"name":"wp","href":"https:\/\/api.w.org\/{rel}","templated":true}]}}